{"id":144,"date":"2017-09-01T23:44:31","date_gmt":"2017-09-01T23:44:31","guid":{"rendered":"http:\/\/fabi.blog.br\/?page_id=144"},"modified":"2017-09-01T23:44:31","modified_gmt":"2017-09-01T23:44:31","slug":"lew-is","status":"publish","type":"page","link":"https:\/\/fabi.blog.br\/?page_id=144","title":{"rendered":"Lew is"},"content":{"rendered":"<p>Um recome\u00e7o e um fim, um novo c\u00e3o e uma reedi\u00e7\u00e3o. &#8220;Uma cicatriz antes do corte, cinza antes do fogo, vida ap\u00f3s a morte&#8221;. Isso \u00e9 a Lewis.<\/p>\n<p><a href=\"http:\/\/fabi.blog.br\/wp-content\/uploads\/2017\/09\/20170901lewca.jpg\"><img decoding=\"async\" loading=\"lazy\" class=\"alignnone size-full wp-image-145\" src=\"http:\/\/fabi.blog.br\/wp-content\/uploads\/2017\/09\/20170901lewca.jpg\" alt=\"20170901lewca\" width=\"750\" height=\"385\" srcset=\"https:\/\/fabi.blog.br\/wp-content\/uploads\/2017\/09\/20170901lewca.jpg 750w, https:\/\/fabi.blog.br\/wp-content\/uploads\/2017\/09\/20170901lewca-300x154.jpg 300w\" sizes=\"(max-width: 750px) 100vw, 750px\" \/><\/a><\/p>\n<p>Ela se chama Lew por causa do Lewis Hamilton. Meu primeiro Border se chamava Schumacher (Schummy). N\u00e3o deveria ser bem a hora de pegar outro cachorro, meu momento no agility n\u00e3o estava l\u00e1 grandes coisas. Mas ao ver as fotos de uma ninhada l\u00e1 de Bras\u00edlia, da amiga Luiza, me deparei escolhendo um cachorro que eu nem queria.<\/p>\n<p>Mas sabe como s\u00e3o essas coisas. A gente n\u00e3o escolhe muito e uns 15 dias depois n\u00f3s j\u00e1 est\u00e1vamos com a Lew em casa. E o nome foi uma das primeiras coisas que escolhi, por um motivo simples, ele j\u00e1 existia. Ou seria Sebastian Vettel ou o j\u00e1 citado Hamilton. Ela n\u00e3o tinha cara de Vettel.<\/p>\n<p>Ficou Lewis e depois Lew.<\/p>\n<p>Mas o interessante sobre o nome dela \u00e9 a coincid\u00eancia com um outro c\u00e3o, o Elvis. Perdemos eles alguns meses antes para o C\u00e2ncer. Lutou muito contra a doen\u00e7a, mas infelizmente n\u00e3o deu. Depois de escolher o nome dela (Lewis) escrevendo os nomes num papel me deparei com as mesmas letras para escrever ambos os nomes.<\/p>\n<p><a href=\"http:\/\/fabi.blog.br\/wp-content\/uploads\/2017\/09\/20161020lewiselvis.jpg\"><img decoding=\"async\" loading=\"lazy\" class=\"alignnone size-full wp-image-146\" src=\"http:\/\/fabi.blog.br\/wp-content\/uploads\/2017\/09\/20161020lewiselvis.jpg\" alt=\"20161020lewiselvis\" width=\"642\" height=\"424\" srcset=\"https:\/\/fabi.blog.br\/wp-content\/uploads\/2017\/09\/20161020lewiselvis.jpg 642w, https:\/\/fabi.blog.br\/wp-content\/uploads\/2017\/09\/20161020lewiselvis-300x198.jpg 300w\" sizes=\"(max-width: 642px) 100vw, 642px\" \/><\/a><\/p>\n<p>LEWIS<br \/>\nELVIS<\/p>\n<p>N\u00e3o estava bem certo de que seria uma boa ter um novo Bordinho, mas quando notei isso, ficou muito certo. Tem uma letra diferente, o &#8220;D\u00e1blio&#8221; ao inv\u00e9s do &#8220;V\u00ea&#8221;, mas a letra &#8220;W&#8221; nada mais \u00e9 que um duplo v\u00ea! Como se fosse uma reedi\u00e7\u00e3o. E ela chegou e tomou conta do espa\u00e7o. Veio para nos trazer calma, tapar o buraco que ficou. E durante o tempo que est\u00e1 conosco ela entendeu a miss\u00e3o e nos d\u00e1 muita aten\u00e7\u00e3o sempre.<\/p>\n<p>A caixa dela, \u00e9 \u00f3bvio, ficou sendo a que era do Elvis.<\/p>\n","protected":false},"excerpt":{"rendered":"<p>Um recome\u00e7o e um fim, um novo c\u00e3o e uma reedi\u00e7\u00e3o. &#8220;Uma cicatriz antes do corte, cinza antes do fogo, vida ap\u00f3s a morte&#8221;. Isso \u00e9 a Lewis. Ela se <a class=\"more-link\" href=\"https:\/\/fabi.blog.br\/?page_id=144\">::: Continuar lendo&#8230;<\/a><\/p>\n","protected":false},"author":1,"featured_media":147,"parent":0,"menu_order":0,"comment_status":"closed","ping_status":"closed","template":"","meta":[],"_links":{"self":[{"href":"https:\/\/fabi.blog.br\/index.php?rest_route=\/wp\/v2\/pages\/144"}],"collection":[{"href":"https:\/\/fabi.blog.br\/index.php?rest_route=\/wp\/v2\/pages"}],"about":[{"href":"https:\/\/fabi.blog.br\/index.php?rest_route=\/wp\/v2\/types\/page"}],"author":[{"embeddable":true,"href":"https:\/\/fabi.blog.br\/index.php?rest_route=\/wp\/v2\/users\/1"}],"replies":[{"embeddable":true,"href":"https:\/\/fabi.blog.br\/index.php?rest_route=%2Fwp%2Fv2%2Fcomments&post=144"}],"version-history":[{"count":1,"href":"https:\/\/fabi.blog.br\/index.php?rest_route=\/wp\/v2\/pages\/144\/revisions"}],"predecessor-version":[{"id":148,"href":"https:\/\/fabi.blog.br\/index.php?rest_route=\/wp\/v2\/pages\/144\/revisions\/148"}],"wp:featuredmedia":[{"embeddable":true,"href":"https:\/\/fabi.blog.br\/index.php?rest_route=\/wp\/v2\/media\/147"}],"wp:attachment":[{"href":"https:\/\/fabi.blog.br\/index.php?rest_route=%2Fwp%2Fv2%2Fmedia&parent=144"}],"curies":[{"name":"wp","href":"https:\/\/api.w.org\/{rel}","templated":true}]}}