{"id":1715,"date":"2024-01-07T02:49:50","date_gmt":"2024-01-07T02:49:50","guid":{"rendered":"http:\/\/fabi.blog.br\/?page_id=1715"},"modified":"2024-02-02T20:22:26","modified_gmt":"2024-02-02T20:22:26","slug":"musicas","status":"publish","type":"page","link":"https:\/\/fabi.blog.br\/?page_id=1715","title":{"rendered":"M\u00fasicas JAN"},"content":{"rendered":"<table border=\"0\">\n<tbody>\n<tr>\n<td>339.2024 &#8211; <a href=\"http:\/\/fabi.blog.br\/?p=2006\">Devolva-me &#8211; Leno e Lilian<\/a><\/td>\n<\/tr>\n<tr>\n<td><!--[if lt IE 9]><script>document.createElement('audio');<\/script><![endif]-->\n<audio class=\"wp-audio-shortcode\" id=\"audio-1715-1\" preload=\"none\" style=\"width: 100%;\" controls=\"controls\"><source type=\"audio\/mpeg\" src=\"http:\/\/fabi.blog.br\/2024musicas\/Devolvame2.m4a?_=1\" \/><a href=\"http:\/\/fabi.blog.br\/2024musicas\/Devolvame2.m4a\">http:\/\/fabi.blog.br\/2024musicas\/Devolvame2.m4a<\/a><\/audio><\/td>\n<\/tr>\n<tr>\n<td>340.2024 &#8211; <a href=\"http:\/\/fabi.blog.br\/?p=2004\">Quim\u00e9ras &#8211; Zero<\/a><\/td>\n<\/tr>\n<tr>\n<td><audio class=\"wp-audio-shortcode\" id=\"audio-1715-2\" preload=\"none\" style=\"width: 100%;\" controls=\"controls\"><source type=\"audio\/mpeg\" src=\"http:\/\/fabi.blog.br\/2024musicas\/Quimera.m4a?_=2\" \/><a href=\"http:\/\/fabi.blog.br\/2024musicas\/Quimera.m4a\">http:\/\/fabi.blog.br\/2024musicas\/Quimera.m4a<\/a><\/audio><\/td>\n<\/tr>\n<tr>\n<td>341.2024 &#8211; <a href=\"http:\/\/fabi.blog.br\/?p=1997\">Flores &#8211; Tit\u00e3s<\/a><\/td>\n<\/tr>\n<tr>\n<td><audio class=\"wp-audio-shortcode\" id=\"audio-1715-3\" preload=\"none\" style=\"width: 100%;\" controls=\"controls\"><source type=\"audio\/mpeg\" src=\"http:\/\/fabi.blog.br\/2024musicas\/Flores.m4a?_=3\" \/><a href=\"http:\/\/fabi.blog.br\/2024musicas\/Flores.m4a\">http:\/\/fabi.blog.br\/2024musicas\/Flores.m4a<\/a><\/audio><\/td>\n<\/tr>\n<tr>\n<td>342.2024 &#8211; <a href=\"http:\/\/fabi.blog.br\/?p=1939\">Bananas de Pijama &#8211; M\u00fasica tema<\/a><\/td>\n<\/tr>\n<tr>\n<td><audio class=\"wp-audio-shortcode\" id=\"audio-1715-4\" preload=\"none\" style=\"width: 100%;\" controls=\"controls\"><source type=\"audio\/mpeg\" src=\"http:\/\/fabi.blog.br\/2024musicas\/Bananas2.m4a?_=4\" \/><a href=\"http:\/\/fabi.blog.br\/2024musicas\/Bananas2.m4a\">http:\/\/fabi.blog.br\/2024musicas\/Bananas2.m4a<\/a><\/audio><\/td>\n<\/tr>\n<tr>\n<td>343.2024 &#8211; <a href=\"http:\/\/fabi.blog.br\/?p=1971\">Telhados de Paris &#8211; Nei Lisboa<\/a><\/td>\n<\/tr>\n<tr>\n<td><audio class=\"wp-audio-shortcode\" id=\"audio-1715-5\" preload=\"none\" style=\"width: 100%;\" controls=\"controls\"><source type=\"audio\/mpeg\" src=\"http:\/\/fabi.blog.br\/2024musicas\/Telhados.m4a?_=5\" \/><a href=\"http:\/\/fabi.blog.br\/2024musicas\/Telhados.m4a\">http:\/\/fabi.blog.br\/2024musicas\/Telhados.m4a<\/a><\/audio><\/td>\n<\/tr>\n<tr>\n<td>344.2024 &#8211; <a href=\"http:\/\/fabi.blog.br\/?p=1952\">Pontes Indestrut\u00edveis &#8211; Charlie Brown Jr.<\/a><\/td>\n<\/tr>\n<tr>\n<td><audio class=\"wp-audio-shortcode\" id=\"audio-1715-6\" preload=\"none\" style=\"width: 100%;\" controls=\"controls\"><source type=\"audio\/mpeg\" src=\"http:\/\/fabi.blog.br\/2024musicas\/Pontes.m4a?_=6\" \/><a href=\"http:\/\/fabi.blog.br\/2024musicas\/Pontes.m4a\">http:\/\/fabi.blog.br\/2024musicas\/Pontes.m4a<\/a><\/audio><\/td>\n<\/tr>\n<tr>\n<td>345.2024 &#8211; <a href=\"http:\/\/fabi.blog.br\/?p=1945\">Eu Caminhava &#8211; Nenhum de N\u00f3s<\/a><\/td>\n<\/tr>\n<tr>\n<td><audio class=\"wp-audio-shortcode\" id=\"audio-1715-7\" preload=\"none\" style=\"width: 100%;\" controls=\"controls\"><source type=\"audio\/mpeg\" src=\"http:\/\/fabi.blog.br\/2024musicas\/Caminhava.m4a?_=7\" \/><a href=\"http:\/\/fabi.blog.br\/2024musicas\/Caminhava.m4a\">http:\/\/fabi.blog.br\/2024musicas\/Caminhava.m4a<\/a><\/audio><\/td>\n<\/tr>\n<tr>\n<td>346.2024 &#8211; <a href=\"http:\/\/fabi.blog.br\/?p=1927\">Topo Gigio &#8211; M\u00fasica Tema<\/a><\/td>\n<\/tr>\n<tr>\n<td><audio class=\"wp-audio-shortcode\" id=\"audio-1715-8\" preload=\"none\" style=\"width: 100%;\" controls=\"controls\"><source type=\"audio\/mpeg\" src=\"http:\/\/fabi.blog.br\/2024musicas\/Topogigio.m4a?_=8\" \/><a href=\"http:\/\/fabi.blog.br\/2024musicas\/Topogigio.m4a\">http:\/\/fabi.blog.br\/2024musicas\/Topogigio.m4a<\/a><\/audio><\/td>\n<\/tr>\n<tr>\n<td>347.2024 &#8211; <a href=\"http:\/\/fabi.blog.br\/?p=1914\">Minha Alma &#8211; O Rappa<\/a><\/td>\n<\/tr>\n<tr>\n<td><audio class=\"wp-audio-shortcode\" id=\"audio-1715-9\" preload=\"none\" style=\"width: 100%;\" controls=\"controls\"><source type=\"audio\/mpeg\" src=\"http:\/\/fabi.blog.br\/2024musicas\/Minhalma.m4a?_=9\" \/><a href=\"http:\/\/fabi.blog.br\/2024musicas\/Minhalma.m4a\">http:\/\/fabi.blog.br\/2024musicas\/Minhalma.m4a<\/a><\/audio><\/td>\n<\/tr>\n<tr>\n<td>348.2024 &#8211; <a href=\"http:\/\/fabi.blog.br\/?p=1900\">Canibal Vegetariano &#8211; Engenheiros do Hawaii<\/a><\/td>\n<\/tr>\n<tr>\n<td><audio class=\"wp-audio-shortcode\" id=\"audio-1715-10\" preload=\"none\" style=\"width: 100%;\" controls=\"controls\"><source type=\"audio\/mpeg\" src=\"http:\/\/fabi.blog.br\/2024musicas\/Canibal.m4a?_=10\" \/><a href=\"http:\/\/fabi.blog.br\/2024musicas\/Canibal.m4a\">http:\/\/fabi.blog.br\/2024musicas\/Canibal.m4a<\/a><\/audio><\/td>\n<\/tr>\n<tr>\n<td>349.2024 &#8211; <a href=\"http:\/\/fabi.blog.br\/?p=1883\">A Bicicleta &#8211; Toquinho<\/a><\/td>\n<\/tr>\n<tr>\n<td><audio class=\"wp-audio-shortcode\" id=\"audio-1715-11\" preload=\"none\" style=\"width: 100%;\" controls=\"controls\"><source type=\"audio\/mpeg\" src=\"http:\/\/fabi.blog.br\/2024musicas\/Bike2.m4a?_=11\" \/><a href=\"http:\/\/fabi.blog.br\/2024musicas\/Bike2.m4a\">http:\/\/fabi.blog.br\/2024musicas\/Bike2.m4a<\/a><\/audio><\/td>\n<\/tr>\n<tr>\n<td>350.2024 &#8211; <a href=\"http:\/\/fabi.blog.br\/?p=1870\">Planeta \u00c1gua &#8211; Guilherme Arantes<\/a><\/td>\n<\/tr>\n<tr>\n<td><audio class=\"wp-audio-shortcode\" id=\"audio-1715-12\" preload=\"none\" style=\"width: 100%;\" controls=\"controls\"><source type=\"audio\/mpeg\" src=\"http:\/\/fabi.blog.br\/2024musicas\/Terra.m4a?_=12\" \/><a href=\"http:\/\/fabi.blog.br\/2024musicas\/Terra.m4a\">http:\/\/fabi.blog.br\/2024musicas\/Terra.m4a<\/a><\/audio><\/td>\n<\/tr>\n<tr>\n<td>351.2024 &#8211; <a href=\"http:\/\/fabi.blog.br\/?p=1861\">Vento Ventania &#8211; Biquini Cavad\u00e3o<\/a><\/td>\n<\/tr>\n<tr>\n<td><audio class=\"wp-audio-shortcode\" id=\"audio-1715-13\" preload=\"none\" style=\"width: 100%;\" controls=\"controls\"><source type=\"audio\/mpeg\" src=\"http:\/\/fabi.blog.br\/2024musicas\/Ventoventania.m4a?_=13\" \/><a href=\"http:\/\/fabi.blog.br\/2024musicas\/Ventoventania.m4a\">http:\/\/fabi.blog.br\/2024musicas\/Ventoventania.m4a<\/a><\/audio><\/td>\n<\/tr>\n<tr>\n<td>352.2024 &#8211; <a href=\"http:\/\/fabi.blog.br\/?p=1853\">Como Nossos Pais &#8211; Belchior<\/a><\/td>\n<\/tr>\n<tr>\n<td><audio class=\"wp-audio-shortcode\" id=\"audio-1715-14\" preload=\"none\" style=\"width: 100%;\" controls=\"controls\"><source type=\"audio\/mpeg\" src=\"http:\/\/fabi.blog.br\/2024musicas\/Comonossospais.m4a?_=14\" \/><a href=\"http:\/\/fabi.blog.br\/2024musicas\/Comonossospais.m4a\">http:\/\/fabi.blog.br\/2024musicas\/Comonossospais.m4a<\/a><\/audio><\/td>\n<\/tr>\n<tr>\n<td>353.2024 &#8211; <a href=\"http:\/\/fabi.blog.br\/?p=1839\">Domingo &#8211; S\u00f3 Pra Contrariar<\/a><\/td>\n<\/tr>\n<tr>\n<td><audio class=\"wp-audio-shortcode\" id=\"audio-1715-15\" preload=\"none\" style=\"width: 100%;\" controls=\"controls\"><source type=\"audio\/mpeg\" src=\"http:\/\/fabi.blog.br\/2024musicas\/Domingospc.m4a?_=15\" \/><a href=\"http:\/\/fabi.blog.br\/2024musicas\/Domingospc.m4a\">http:\/\/fabi.blog.br\/2024musicas\/Domingospc.m4a<\/a><\/audio><\/td>\n<\/tr>\n<tr>\n<td>354.2024 &#8211; <a href=\"http:\/\/fabi.blog.br\/?p=1825\">Identidade Zero &#8211; TNT<\/a><\/td>\n<\/tr>\n<tr>\n<td><audio class=\"wp-audio-shortcode\" id=\"audio-1715-16\" preload=\"none\" style=\"width: 100%;\" controls=\"controls\"><source type=\"audio\/mpeg\" src=\"http:\/\/fabi.blog.br\/2024musicas\/Zero2.m4a?_=16\" \/><a href=\"http:\/\/fabi.blog.br\/2024musicas\/Zero2.m4a\">http:\/\/fabi.blog.br\/2024musicas\/Zero2.m4a<\/a><\/audio><\/td>\n<\/tr>\n<tr>\n<td>355.2024 &#8211; <a href=\"http:\/\/fabi.blog.br\/?p=1812\">Por Onde Andei &#8211; Nando Reis<\/a><\/td>\n<\/tr>\n<tr>\n<td><audio class=\"wp-audio-shortcode\" id=\"audio-1715-17\" preload=\"none\" style=\"width: 100%;\" controls=\"controls\"><source type=\"audio\/mpeg\" src=\"http:\/\/fabi.blog.br\/2024musicas\/Poronde.m4a?_=17\" \/><a href=\"http:\/\/fabi.blog.br\/2024musicas\/Poronde.m4a\">http:\/\/fabi.blog.br\/2024musicas\/Poronde.m4a<\/a><\/audio><\/td>\n<\/tr>\n<tr>\n<td>356.2024 &#8211; <a href=\"http:\/\/fabi.blog.br\/?p=1798\">O Condor &#8211; Oswaldo Montenegro<\/a><\/td>\n<\/tr>\n<tr>\n<td><audio class=\"wp-audio-shortcode\" id=\"audio-1715-18\" preload=\"none\" style=\"width: 100%;\" controls=\"controls\"><source type=\"audio\/mpeg\" src=\"http:\/\/fabi.blog.br\/2024musicas\/Condor3.m4a?_=18\" \/><a href=\"http:\/\/fabi.blog.br\/2024musicas\/Condor3.m4a\">http:\/\/fabi.blog.br\/2024musicas\/Condor3.m4a<\/a><\/audio><\/td>\n<\/tr>\n<tr>\n<td>357.2024 &#8211; <a href=\"http:\/\/fabi.blog.br\/?p=1778\">\u00c1lbum de Papel &#8211; Cidad\u00e3o Quem<\/a><\/td>\n<\/tr>\n<tr>\n<td><audio class=\"wp-audio-shortcode\" id=\"audio-1715-19\" preload=\"none\" style=\"width: 100%;\" controls=\"controls\"><source type=\"audio\/mpeg\" src=\"http:\/\/fabi.blog.br\/2024musicas\/Albumdepapel.m4a?_=19\" \/><a href=\"http:\/\/fabi.blog.br\/2024musicas\/Albumdepapel.m4a\">http:\/\/fabi.blog.br\/2024musicas\/Albumdepapel.m4a<\/a><\/audio><\/td>\n<\/tr>\n<tr>\n<td>358.2024 &#8211; <a href=\"http:\/\/fabi.blog.br\/?p=1741\">Tendo a Lua &#8211; Paralamas<\/a><\/td>\n<\/tr>\n<tr>\n<td><audio class=\"wp-audio-shortcode\" id=\"audio-1715-20\" preload=\"none\" style=\"width: 100%;\" controls=\"controls\"><source type=\"audio\/mpeg\" src=\"http:\/\/fabi.blog.br\/2024musicas\/Tendoalua.m4a?_=20\" \/><a href=\"http:\/\/fabi.blog.br\/2024musicas\/Tendoalua.m4a\">http:\/\/fabi.blog.br\/2024musicas\/Tendoalua.m4a<\/a><\/audio><\/td>\n<\/tr>\n<tr>\n<td>359.2024 &#8211; <a href=\"http:\/\/fabi.blog.br\/?p=1744\">Piano Bar &#8211; Engenheiros do Hawaii<\/a><\/td>\n<\/tr>\n<tr>\n<td><audio class=\"wp-audio-shortcode\" id=\"audio-1715-21\" preload=\"none\" style=\"width: 100%;\" controls=\"controls\"><source type=\"audio\/mpeg\" src=\"http:\/\/fabi.blog.br\/2024musicas\/Pianobar.m4a?_=21\" \/><a href=\"http:\/\/fabi.blog.br\/2024musicas\/Pianobar.m4a\">http:\/\/fabi.blog.br\/2024musicas\/Pianobar.m4a<\/a><\/audio><\/td>\n<\/tr>\n<tr>\n<td>360.2024 &#8211; <a href=\"http:\/\/fabi.blog.br\/?p=1734\">Domingo &#8211; Tit\u00e3s<\/a><\/td>\n<\/tr>\n<tr>\n<td><audio class=\"wp-audio-shortcode\" id=\"audio-1715-22\" preload=\"none\" style=\"width: 100%;\" controls=\"controls\"><source type=\"audio\/mpeg\" src=\"http:\/\/fabi.blog.br\/2024musicas\/Domingo.m4a?_=22\" \/><a href=\"http:\/\/fabi.blog.br\/2024musicas\/Domingo.m4a\">http:\/\/fabi.blog.br\/2024musicas\/Domingo.m4a<\/a><\/audio><\/td>\n<\/tr>\n<tr>\n<td>361.2024 &#8211; <a href=\"http:\/\/fabi.blog.br\/?p=1711\">Al\u00e9m do Horizonte &#8211; Roberto Carlos<\/a><\/td>\n<\/tr>\n<tr>\n<td><audio class=\"wp-audio-shortcode\" id=\"audio-1715-23\" preload=\"none\" style=\"width: 100%;\" controls=\"controls\"><source type=\"audio\/mpeg\" src=\"http:\/\/fabi.blog.br\/2024musicas\/Horizonte.m4a?_=23\" \/><a href=\"http:\/\/fabi.blog.br\/2024musicas\/Horizonte.m4a\">http:\/\/fabi.blog.br\/2024musicas\/Horizonte.m4a<\/a><\/audio><\/td>\n<\/tr>\n<tr>\n<td>362.2024 &#8211; <a href=\"http:\/\/fabi.blog.br\/?p=1702\">Obsess\u00e3o &#8211; Nenhum de N\u00f2s<\/a><\/td>\n<\/tr>\n<tr>\n<td><audio class=\"wp-audio-shortcode\" id=\"audio-1715-24\" preload=\"none\" style=\"width: 100%;\" controls=\"controls\"><source type=\"audio\/mpeg\" src=\"http:\/\/fabi.blog.br\/2024musicas\/Obsess.m4a?_=24\" \/><a href=\"http:\/\/fabi.blog.br\/2024musicas\/Obsess.m4a\">http:\/\/fabi.blog.br\/2024musicas\/Obsess.m4a<\/a><\/audio><\/td>\n<\/tr>\n<tr>\n<td>363.2024 &#8211; <a href=\"http:\/\/fabi.blog.br\/?p=1678\">Eu era um Lobisomem Juvenil &#8211; Legi\u00e3o Urbana<\/a><\/td>\n<\/tr>\n<tr>\n<td><audio class=\"wp-audio-shortcode\" id=\"audio-1715-25\" preload=\"none\" style=\"width: 100%;\" controls=\"controls\"><source type=\"audio\/mpeg\" src=\"http:\/\/fabi.blog.br\/2024musicas\/Lobisomen2.m4a?_=25\" \/><a href=\"http:\/\/fabi.blog.br\/2024musicas\/Lobisomen2.m4a\">http:\/\/fabi.blog.br\/2024musicas\/Lobisomen2.m4a<\/a><\/audio><\/td>\n<\/tr>\n<tr>\n<td>364.2024 &#8211; <a href=\"http:\/\/fabi.blog.br\/?p=1643\">Marcas do Que Se Foi &#8211; Os Incr\u00edveis<\/a><\/td>\n<\/tr>\n<tr>\n<td><audio class=\"wp-audio-shortcode\" id=\"audio-1715-26\" preload=\"none\" style=\"width: 100%;\" controls=\"controls\"><source type=\"audio\/mpeg\" src=\"http:\/\/fabi.blog.br\/2024musicas\/Marcas.m4a?_=26\" \/><a href=\"http:\/\/fabi.blog.br\/2024musicas\/Marcas.m4a\">http:\/\/fabi.blog.br\/2024musicas\/Marcas.m4a<\/a><\/audio><\/td>\n<\/tr>\n<tr>\n<td>365.2024 &#8211; <a href=\"http:\/\/fabi.blog.br\/?p=1617\">Assim os dias Passar\u00e3o &#8211; Almir Sater<\/a><\/td>\n<\/tr>\n<tr>\n<td><audio class=\"wp-audio-shortcode\" id=\"audio-1715-27\" preload=\"none\" style=\"width: 100%;\" controls=\"controls\"><source type=\"audio\/mpeg\" src=\"http:\/\/fabi.blog.br\/2024musicas\/Dias.m4a?_=27\" \/><a href=\"http:\/\/fabi.blog.br\/2024musicas\/Dias.m4a\">http:\/\/fabi.blog.br\/2024musicas\/Dias.m4a<\/a><\/audio><\/td>\n<\/tr>\n<tr>\n<td>366.2024 &#8211; <a href=\"http:\/\/fabi.blog.br\/?p=1582\">Anoiteceu em Porto Alegre &#8211; Engenheiros do Hawaii<\/a><\/td>\n<\/tr>\n<tr>\n<td><audio class=\"wp-audio-shortcode\" id=\"audio-1715-28\" preload=\"none\" style=\"width: 100%;\" controls=\"controls\"><source type=\"audio\/mpeg\" src=\"http:\/\/fabi.blog.br\/2024musicas\/Anoiteceu3.mp3?_=28\" \/><a href=\"http:\/\/fabi.blog.br\/2024musicas\/Anoiteceu3.mp3\">http:\/\/fabi.blog.br\/2024musicas\/Anoiteceu3.mp3<\/a><\/audio><\/td>\n<\/tr>\n<\/tbody>\n<\/table>\n","protected":false},"excerpt":{"rendered":"<p>339.2024 &#8211; Devolva-me &#8211; Leno e Lilian 340.2024 &#8211; Quim\u00e9ras &#8211; Zero 341.2024 &#8211; Flores &#8211; Tit\u00e3s 342.2024 &#8211; Bananas de Pijama &#8211; M\u00fasica tema 343.2024 &#8211; Telhados de Paris <a class=\"more-link\" href=\"https:\/\/fabi.blog.br\/?page_id=1715\">::: Continuar lendo&#8230;<\/a><\/p>\n","protected":false},"author":1,"featured_media":2060,"parent":0,"menu_order":0,"comment_status":"closed","ping_status":"closed","template":"","meta":[],"_links":{"self":[{"href":"https:\/\/fabi.blog.br\/index.php?rest_route=\/wp\/v2\/pages\/1715"}],"collection":[{"href":"https:\/\/fabi.blog.br\/index.php?rest_route=\/wp\/v2\/pages"}],"about":[{"href":"https:\/\/fabi.blog.br\/index.php?rest_route=\/wp\/v2\/types\/page"}],"author":[{"embeddable":true,"href":"https:\/\/fabi.blog.br\/index.php?rest_route=\/wp\/v2\/users\/1"}],"replies":[{"embeddable":true,"href":"https:\/\/fabi.blog.br\/index.php?rest_route=%2Fwp%2Fv2%2Fcomments&post=1715"}],"version-history":[{"count":44,"href":"https:\/\/fabi.blog.br\/index.php?rest_route=\/wp\/v2\/pages\/1715\/revisions"}],"predecessor-version":[{"id":2058,"href":"https:\/\/fabi.blog.br\/index.php?rest_route=\/wp\/v2\/pages\/1715\/revisions\/2058"}],"wp:featuredmedia":[{"embeddable":true,"href":"https:\/\/fabi.blog.br\/index.php?rest_route=\/wp\/v2\/media\/2060"}],"wp:attachment":[{"href":"https:\/\/fabi.blog.br\/index.php?rest_route=%2Fwp%2Fv2%2Fmedia&parent=1715"}],"curies":[{"name":"wp","href":"https:\/\/api.w.org\/{rel}","templated":true}]}}