{"id":2065,"date":"2024-02-02T14:25:51","date_gmt":"2024-02-02T14:25:51","guid":{"rendered":"http:\/\/fabi.blog.br\/?page_id=2065"},"modified":"2024-03-09T02:49:06","modified_gmt":"2024-03-09T02:49:06","slug":"musicas-fev","status":"publish","type":"page","link":"https:\/\/fabi.blog.br\/?page_id=2065","title":{"rendered":"M\u00fasicas FEV"},"content":{"rendered":"<table border=\"0\">\n<tbody>\n<tr>\n<td>325.2024 &#8211; <a href=\"http:\/\/fabi.blog.br\/?p=2190\">Elvis Presley &#8211; Always on my mind<\/a><\/td>\n<\/tr>\n<tr>\n<td><!--[if lt IE 9]><script>document.createElement('audio');<\/script><![endif]-->\n<audio class=\"wp-audio-shortcode\" id=\"audio-2065-1\" preload=\"none\" style=\"width: 100%;\" controls=\"controls\"><source type=\"audio\/mpeg\" src=\"http:\/\/fabi.blog.br\/2024musicas\/Always3.m4a?_=1\" \/><a href=\"http:\/\/fabi.blog.br\/2024musicas\/Always3.m4a\">http:\/\/fabi.blog.br\/2024musicas\/Always3.m4a<\/a><\/audio><\/td>\n<\/tr>\n<tr>\n<td>326.2024 &#8211; <a href=\"http:\/\/fabi.blog.br\/?p=2173\">AC\/DC &#8211; Rock Roll Ain&#8217;t Noise Pollution<\/a><\/td>\n<\/tr>\n<tr>\n<td><audio class=\"wp-audio-shortcode\" id=\"audio-2065-2\" preload=\"none\" style=\"width: 100%;\" controls=\"controls\"><source type=\"audio\/mpeg\" src=\"http:\/\/fabi.blog.br\/2024musicas\/Acdc1.m4a?_=2\" \/><a href=\"http:\/\/fabi.blog.br\/2024musicas\/Acdc1.m4a\">http:\/\/fabi.blog.br\/2024musicas\/Acdc1.m4a<\/a><\/audio><\/td>\n<\/tr>\n<tr>\n<td>327.2024 &#8211; <a href=\"http:\/\/fabi.blog.br\/?p=2180\">Chico Buarque &#8211; Quando o Carnaval Chegar<\/a><\/td>\n<\/tr>\n<tr>\n<td><audio class=\"wp-audio-shortcode\" id=\"audio-2065-3\" preload=\"none\" style=\"width: 100%;\" controls=\"controls\"><source type=\"audio\/mpeg\" src=\"http:\/\/fabi.blog.br\/2024musicas\/C.m4a?_=3\" \/><a href=\"http:\/\/fabi.blog.br\/2024musicas\/C.m4a\">http:\/\/fabi.blog.br\/2024musicas\/C.m4a<\/a><\/audio><\/td>\n<\/tr>\n<tr>\n<td>328.2024 &#8211; <a href=\"http:\/\/fabi.blog.br\/?p=2107\">Linkin Park &#8211; In The End<\/a><\/td>\n<\/tr>\n<tr>\n<td><audio class=\"wp-audio-shortcode\" id=\"audio-2065-4\" preload=\"none\" style=\"width: 100%;\" controls=\"controls\"><source type=\"audio\/mpeg\" src=\"http:\/\/fabi.blog.br\/2024musicas\/Inthend2.m4a?_=4\" \/><a href=\"http:\/\/fabi.blog.br\/2024musicas\/Inthend2.m4a\">http:\/\/fabi.blog.br\/2024musicas\/Inthend2.m4a<\/a><\/audio><\/td>\n<\/tr>\n<tr>\n<td>329.2024 &#8211; <a href=\"http:\/\/fabi.blog.br\/?p=2158\">Chico Buarque &#8211; Quando o Carnaval Chegar<\/a><\/td>\n<\/tr>\n<tr>\n<td><audio class=\"wp-audio-shortcode\" id=\"audio-2065-5\" preload=\"none\" style=\"width: 100%;\" controls=\"controls\"><source type=\"audio\/mpeg\" src=\"http:\/\/fabi.blog.br\/2024musicas\/C.m4a?_=5\" \/><a href=\"http:\/\/fabi.blog.br\/2024musicas\/C.m4a\">http:\/\/fabi.blog.br\/2024musicas\/C.m4a<\/a><\/audio><\/td>\n<\/tr>\n<tr>\n<td>331.2024 &#8211;\u00a0<a href=\"http:\/\/fabi.blog.br\/?p=2125\">Veronica Sabino &#8211; As vezes nunca<\/a><\/td>\n<\/tr>\n<tr>\n<td><audio class=\"wp-audio-shortcode\" id=\"audio-2065-6\" preload=\"none\" style=\"width: 100%;\" controls=\"controls\"><source type=\"audio\/mpeg\" src=\"http:\/\/fabi.blog.br\/2024musicas\/Asvezes.m4a?_=6\" \/><a href=\"http:\/\/fabi.blog.br\/2024musicas\/Asvezes.m4a\">http:\/\/fabi.blog.br\/2024musicas\/Asvezes.m4a<\/a><\/audio><\/td>\n<\/tr>\n<tr>\n<td>332.2024 &#8211; <a href=\"http:\/\/fabi.blog.br\/?p=2107\">Lulu Santos &#8211; Toda Forma de Amor<\/a><\/td>\n<\/tr>\n<tr>\n<td><audio class=\"wp-audio-shortcode\" id=\"audio-2065-7\" preload=\"none\" style=\"width: 100%;\" controls=\"controls\"><source type=\"audio\/mpeg\" src=\"http:\/\/fabi.blog.br\/2024musicas\/Todaforma3-1.m4a?_=7\" \/><a href=\"http:\/\/fabi.blog.br\/2024musicas\/Todaforma3-1.m4a\">http:\/\/fabi.blog.br\/2024musicas\/Todaforma3-1.m4a<\/a><\/audio><\/td>\n<\/tr>\n<tr>\n<td>333.2024 &#8211; <a href=\"http:\/\/fabi.blog.br\/?p=2096\">Roberto Carlos &#8211; Estrada de Santos<\/a><\/td>\n<\/tr>\n<tr>\n<td><audio class=\"wp-audio-shortcode\" id=\"audio-2065-8\" preload=\"none\" style=\"width: 100%;\" controls=\"controls\"><source type=\"audio\/mpeg\" src=\"http:\/\/fabi.blog.br\/2024musicas\/Santos.m4a?_=8\" \/><a href=\"http:\/\/fabi.blog.br\/2024musicas\/Santos.m4a\">http:\/\/fabi.blog.br\/2024musicas\/Santos.m4a<\/a><\/audio><\/td>\n<\/tr>\n<tr>\n<td>334.2024 &#8211; <a href=\"http:\/\/fabi.blog.br\/?p=2089\">Cidad\u00e3o Quem &#8211; Girass\u00f3is<\/a><\/td>\n<\/tr>\n<tr>\n<td><audio class=\"wp-audio-shortcode\" id=\"audio-2065-9\" preload=\"none\" style=\"width: 100%;\" controls=\"controls\"><source type=\"audio\/mpeg\" src=\"http:\/\/fabi.blog.br\/2024musicas\/Deixaosol2.m4a?_=9\" \/><a href=\"http:\/\/fabi.blog.br\/2024musicas\/Deixaosol2.m4a\">http:\/\/fabi.blog.br\/2024musicas\/Deixaosol2.m4a<\/a><\/audio><\/td>\n<\/tr>\n<tr>\n<td>335.2024 &#8211; <a href=\"http:\/\/fabi.blog.br\/?p=2079\">Robert Plant &#8211; 29 Palms<\/a><\/td>\n<\/tr>\n<tr>\n<td><audio class=\"wp-audio-shortcode\" id=\"audio-2065-10\" preload=\"none\" style=\"width: 100%;\" controls=\"controls\"><source type=\"audio\/mpeg\" src=\"http:\/\/fabi.blog.br\/2024musicas\/29palms.m4a?_=10\" \/><a href=\"http:\/\/fabi.blog.br\/2024musicas\/29palms.m4a\">http:\/\/fabi.blog.br\/2024musicas\/29palms.m4a<\/a><\/audio><\/td>\n<\/tr>\n<tr>\n<td>336.2024 &#8211; <a href=\"http:\/\/fabi.blog.br\/?p=2050\">M\u00fasica para Dan\u00e7ar &#8211; Papas da l\u00edngua<\/a><\/td>\n<\/tr>\n<tr>\n<td><audio class=\"wp-audio-shortcode\" id=\"audio-2065-11\" preload=\"none\" style=\"width: 100%;\" controls=\"controls\"><source type=\"audio\/mpeg\" src=\"http:\/\/fabi.blog.br\/2024musicas\/Deixa2.m4a?_=11\" \/><a href=\"http:\/\/fabi.blog.br\/2024musicas\/Deixa2.m4a\">http:\/\/fabi.blog.br\/2024musicas\/Deixa2.m4a<\/a><\/audio><\/td>\n<\/tr>\n<tr>\n<td>337.2024 &#8211; <a href=\"http:\/\/fabi.blog.br\/?p=2057\">Faroeste Cabloco &#8211; Legi\u00e3o Urbana<\/a><\/td>\n<\/tr>\n<tr>\n<td><audio class=\"wp-audio-shortcode\" id=\"audio-2065-12\" preload=\"none\" style=\"width: 100%;\" controls=\"controls\"><source type=\"audio\/mpeg\" src=\"http:\/\/fabi.blog.br\/2024musicas\/Faro3.m4a?_=12\" \/><a href=\"http:\/\/fabi.blog.br\/2024musicas\/Faro3.m4a\">http:\/\/fabi.blog.br\/2024musicas\/Faro3.m4a<\/a><\/audio><\/td>\n<\/tr>\n<tr>\n<td>338.2024 &#8211; <a href=\"http:\/\/fabi.blog.br\/?p=2039\">Pa\u00eds Tropical &#8211; Jorge Ben<\/a><\/td>\n<\/tr>\n<tr>\n<td><audio class=\"wp-audio-shortcode\" id=\"audio-2065-13\" preload=\"none\" style=\"width: 100%;\" controls=\"controls\"><source type=\"audio\/mpeg\" src=\"http:\/\/fabi.blog.br\/2024musicas\/Moro.m4a?_=13\" \/><a href=\"http:\/\/fabi.blog.br\/2024musicas\/Moro.m4a\">http:\/\/fabi.blog.br\/2024musicas\/Moro.m4a<\/a><\/audio><\/td>\n<\/tr>\n<\/tbody>\n<\/table>\n","protected":false},"excerpt":{"rendered":"<p>325.2024 &#8211; Elvis Presley &#8211; Always on my mind 326.2024 &#8211; AC\/DC &#8211; Rock Roll Ain&#8217;t Noise Pollution 327.2024 &#8211; Chico Buarque &#8211; Quando o Carnaval Chegar 328.2024 &#8211; Linkin <a class=\"more-link\" href=\"https:\/\/fabi.blog.br\/?page_id=2065\">::: Continuar lendo&#8230;<\/a><\/p>\n","protected":false},"author":1,"featured_media":0,"parent":0,"menu_order":0,"comment_status":"closed","ping_status":"closed","template":"","meta":[],"_links":{"self":[{"href":"https:\/\/fabi.blog.br\/index.php?rest_route=\/wp\/v2\/pages\/2065"}],"collection":[{"href":"https:\/\/fabi.blog.br\/index.php?rest_route=\/wp\/v2\/pages"}],"about":[{"href":"https:\/\/fabi.blog.br\/index.php?rest_route=\/wp\/v2\/types\/page"}],"author":[{"embeddable":true,"href":"https:\/\/fabi.blog.br\/index.php?rest_route=\/wp\/v2\/users\/1"}],"replies":[{"embeddable":true,"href":"https:\/\/fabi.blog.br\/index.php?rest_route=%2Fwp%2Fv2%2Fcomments&post=2065"}],"version-history":[{"count":24,"href":"https:\/\/fabi.blog.br\/index.php?rest_route=\/wp\/v2\/pages\/2065\/revisions"}],"predecessor-version":[{"id":2485,"href":"https:\/\/fabi.blog.br\/index.php?rest_route=\/wp\/v2\/pages\/2065\/revisions\/2485"}],"wp:attachment":[{"href":"https:\/\/fabi.blog.br\/index.php?rest_route=%2Fwp%2Fv2%2Fmedia&parent=2065"}],"curies":[{"name":"wp","href":"https:\/\/api.w.org\/{rel}","templated":true}]}}