{"id":2728,"date":"2024-11-07T16:30:29","date_gmt":"2024-11-07T16:30:29","guid":{"rendered":"http:\/\/fabi.blog.br\/?page_id=2728"},"modified":"2024-11-12T19:00:06","modified_gmt":"2024-11-12T19:00:06","slug":"cassinochui-a-expedicao","status":"publish","type":"page","link":"https:\/\/fabi.blog.br\/?page_id=2728","title":{"rendered":"Cassino\/Chu\u00ed a Expedi\u00e7\u00e3o"},"content":{"rendered":"<p>Foto by <a href=\"https:\/\/www.instagram.com\/infinito_bra\/\">@infinito_bra<\/a><\/p>\n<p><a href=\"http:\/\/fabi.blog.br\/wp-content\/uploads\/2024\/11\/20241107praia.jpg\"><img decoding=\"async\" loading=\"lazy\" class=\"alignnone size-full wp-image-2731\" src=\"http:\/\/fabi.blog.br\/wp-content\/uploads\/2024\/11\/20241107praia.jpg\" alt=\"20241107praia\" width=\"900\" height=\"600\" srcset=\"https:\/\/fabi.blog.br\/wp-content\/uploads\/2024\/11\/20241107praia.jpg 900w, https:\/\/fabi.blog.br\/wp-content\/uploads\/2024\/11\/20241107praia-300x200.jpg 300w, https:\/\/fabi.blog.br\/wp-content\/uploads\/2024\/11\/20241107praia-768x512.jpg 768w\" sizes=\"(max-width: 900px) 100vw, 900px\" \/><\/a><\/p>\n<p>Nos dias 18, 19 e 20 de outubro de 2024 fizemos uma viagem de Canoas at\u00e9 a Praia do Cassino e depois do Cassino at\u00e9 o Chu\u00ed. A ideia inicial era ir pela beira da praia at\u00e9 o fim do Brasil. Abaixo temos textos e v\u00eddeos mostrando um pouco do que foi essa aventura.<\/p>\n<table style=\"height: 356px;\" width=\"975\">\n<tbody>\n<tr>\n<td><a href=\"https:\/\/fabi.blog.br\/?p=2681\"><img decoding=\"async\" loading=\"lazy\" class=\"alignnone size-full wp-image-2692 aligncenter\" src=\"http:\/\/fabi.blog.br\/wp-content\/uploads\/2024\/11\/20241104bw0.gif\" alt=\"20241104bw0\" width=\"290\" height=\"290\" \/><\/a><\/td>\n<td style=\"text-align: center;\"><a href=\"http:\/\/fabi.blog.br\/wp-content\/uploads\/2024\/11\/20241108logo.jpg\"><img decoding=\"async\" loading=\"lazy\" class=\"alignnone size-full wp-image-2769\" src=\"http:\/\/fabi.blog.br\/wp-content\/uploads\/2024\/11\/20241108logo.jpg\" alt=\"20241108logo\" width=\"200\" height=\"272\" \/><\/a><\/td>\n<td style=\"text-align: center;\"><a href=\"https:\/\/fabi.blog.br\/?p=2735\"><img decoding=\"async\" src=\"http:\/\/fabi.blog.br\/wp-content\/uploads\/2024\/11\/20241105CASS4.jpg\" alt=\"20241105CASS4\" \/><\/a><\/td>\n<\/tr>\n<tr>\n<td><a href=\"https:\/\/fabi.blog.br\/?p=2681\"><strong>O Fim do Brasil 1<\/strong><\/a><\/td>\n<td><\/td>\n<td><a href=\"https:\/\/fabi.blog.br\/?p=2707\"><strong>O Fim do Brasil 2<\/strong><\/a><\/td>\n<\/tr>\n<tr>\n<td style=\"text-align: center;\"><a href=\"https:\/\/fabi.blog.br\/?p=2735\"><img decoding=\"async\" src=\"http:\/\/fabi.blog.br\/wp-content\/uploads\/2024\/11\/20241107praia2.jpg\" alt=\"20241107praia2\" \/><\/a><\/td>\n<td style=\"text-align: center;\"><a href=\"https:\/\/fabi.blog.br\/?p=2749\"><img decoding=\"async\" loading=\"lazy\" class=\"alignnone size-full wp-image-2758\" src=\"http:\/\/fabi.blog.br\/wp-content\/uploads\/2024\/11\/20241107cassino6.gif\" alt=\"20241107cassino6\" width=\"300\" height=\"300\" \/><\/a><\/td>\n<td style=\"text-align: center;\"><a href=\"https:\/\/fabi.blog.br\/?p=2788\"><img decoding=\"async\" loading=\"lazy\" class=\"alignnone size-full wp-image-2801\" src=\"http:\/\/fabi.blog.br\/wp-content\/uploads\/2024\/11\/20241111chuiP.gif\" alt=\"20241111chuiP\" width=\"300\" height=\"300\" \/><\/a><\/td>\n<\/tr>\n<tr>\n<td><strong><a href=\"https:\/\/fabi.blog.br\/?p=2735\">O fim do Brasil V\u00ecdeo<\/a><\/strong><\/td>\n<td><a href=\"https:\/\/fabi.blog.br\/?p=2749\"><strong>O Fim do Brasil 3<\/strong><\/a><\/td>\n<td><a href=\"https:\/\/fabi.blog.br\/?p=2788\">\u00a0<strong>O Fim do Brasil\u00a04<\/strong><\/a><\/td>\n<\/tr>\n<tr>\n<td><a href=\"https:\/\/fabi.blog.br\/?p=2816\"><img decoding=\"async\" loading=\"lazy\" class=\"alignnone size-full wp-image-2829\" src=\"http:\/\/fabi.blog.br\/wp-content\/uploads\/2024\/11\/20241111chuiP2.gif\" alt=\"20241111chuiP2\" width=\"300\" height=\"300\" \/><\/a><\/td>\n<td><a href=\"https:\/\/fabi.blog.br\/?p=2837\"><img decoding=\"async\" loading=\"lazy\" class=\"alignnone size-full wp-image-2833\" src=\"http:\/\/fabi.blog.br\/wp-content\/uploads\/2024\/11\/20241112expe1.gif\" alt=\"20241112expe1\" width=\"300\" height=\"300\" \/><\/a><\/td>\n<td><\/td>\n<\/tr>\n<tr>\n<td>\u00a0<a href=\"https:\/\/fabi.blog.br\/?p=2816\"><strong>O Fim do Brasil 5<\/strong><\/a><\/td>\n<td><a href=\"https:\/\/fabi.blog.br\/?p=2837\"><strong>O fim do Brasil\u00a0fotos em v\u00eddeo<\/strong><\/a><\/td>\n<td><\/td>\n<\/tr>\n<\/tbody>\n<\/table>\n","protected":false},"excerpt":{"rendered":"<p>Foto by @infinito_bra Nos dias 18, 19 e 20 de outubro de 2024 fizemos uma viagem de Canoas at\u00e9 a Praia do Cassino e depois do Cassino at\u00e9 o Chu\u00ed. <a class=\"more-link\" href=\"https:\/\/fabi.blog.br\/?page_id=2728\">::: Continuar lendo&#8230;<\/a><\/p>\n","protected":false},"author":1,"featured_media":2729,"parent":0,"menu_order":0,"comment_status":"closed","ping_status":"closed","template":"","meta":[],"_links":{"self":[{"href":"https:\/\/fabi.blog.br\/index.php?rest_route=\/wp\/v2\/pages\/2728"}],"collection":[{"href":"https:\/\/fabi.blog.br\/index.php?rest_route=\/wp\/v2\/pages"}],"about":[{"href":"https:\/\/fabi.blog.br\/index.php?rest_route=\/wp\/v2\/types\/page"}],"author":[{"embeddable":true,"href":"https:\/\/fabi.blog.br\/index.php?rest_route=\/wp\/v2\/users\/1"}],"replies":[{"embeddable":true,"href":"https:\/\/fabi.blog.br\/index.php?rest_route=%2Fwp%2Fv2%2Fcomments&post=2728"}],"version-history":[{"count":28,"href":"https:\/\/fabi.blog.br\/index.php?rest_route=\/wp\/v2\/pages\/2728\/revisions"}],"predecessor-version":[{"id":2839,"href":"https:\/\/fabi.blog.br\/index.php?rest_route=\/wp\/v2\/pages\/2728\/revisions\/2839"}],"wp:featuredmedia":[{"embeddable":true,"href":"https:\/\/fabi.blog.br\/index.php?rest_route=\/wp\/v2\/media\/2729"}],"wp:attachment":[{"href":"https:\/\/fabi.blog.br\/index.php?rest_route=%2Fwp%2Fv2%2Fmedia&parent=2728"}],"curies":[{"name":"wp","href":"https:\/\/api.w.org\/{rel}","templated":true}]}}